{"id":3744,"date":"2013-10-17T18:42:51","date_gmt":"2013-10-17T18:42:51","guid":{"rendered":"http:\/\/www.colegiosanjosebv.edu.ar\/wp\/?page_id=3744"},"modified":"2018-02-06T17:50:15","modified_gmt":"2018-02-06T17:50:15","slug":"uniformes","status":"publish","type":"page","link":"https:\/\/colegiosanjosebv.edu.ar\/wp\/institucional\/informacion-general\/uniformes\/","title":{"rendered":"Uniformes"},"content":{"rendered":"<h3><span style=\"color: #ff0000;\">Nivel Inicial y Primario<\/span><\/h3>\n<p><strong>VERANO<\/strong><br \/>\n<strong>Nenas: <\/strong>pollera a cuadros, medias azules \u00be, chomba blanca manga corta, con escudo del Colegio bordado, cuello azul tejido con vivos rojos y blancos.<br \/>\n<strong>Varones:<\/strong> bermuda azul marino, chomba blanca manga corta, con escudo del Colegio bordado, cuello azul tejido con vivos rojos y blancos, medias azules.<\/p>\n<p><strong>Calzado:<\/strong> zapatos o zapatillas negras o azules.<\/p>\n<p><strong>INVIERNO<\/strong><br \/>\n<strong>Nenas:<\/strong> pollera a cuadros, can-can de lana azul, chomba blanca manga larga con escudo del Colegio bordado y cuello azul tejido con vivos rojos y blancos, pullover de lana azul marino escote en \u00abv\u00bb con vivos rojos y escudo del Colegio bordado. En d\u00edas de mucho fr\u00edo se admite pantal\u00f3n de vestir color azul marino (no jean ni jogging).<br \/>\nAbrigos: buzo de algod\u00f3n y campera polar , azules y con escudo del Colegio bordado.<br \/>\n<strong>Varones:<\/strong> pantal\u00f3n de vestir azul marino, chomba blanca manga larga con escudo del Colegio bordado y cuello azul tejido con vivos rojos y blancos, pullover de lana azul marino escote en \u00abv\u00bb con vivos rojos y escudo del Colegio bordado, medias azules.<br \/>\nAbrigos: buzo de algod\u00f3n y campera polar, azules y con escudo del Colegio bordado.<\/p>\n<p><strong>Calzado:<\/strong> zapatos o zapatillas negras o azules.<\/p>\n<p><strong>EDUCACI\u00d3N F\u00cdSICA:<\/strong> remera blanca con escudo del Colegio estampado en el frente. Short azul marino (para nenas y nenes).<br \/>\nConjunto deportivo color azul marino con l\u00edneas rojas y escudo del Colegio, para el invierno.<br \/>\nZapatillas blancas, negras o azules y medias deportivas.<\/p>\n<hr \/>\n<h3><span style=\"color: #ff0000;\">Nivel Secundario<\/span><\/h3>\n<p><strong>VERANO<\/strong><br \/>\n<strong>Mujeres<\/strong>: pollera azul a cuadros, debajo calza corta negra o azul, medias azules \u00be, chomba blanca manga corta, con escudo del Colegio bordado, cuello azul tejido con vivos rojos y blancos.<\/p>\n<p><strong>Varones<\/strong>: pantal\u00f3n de vestir azul marino, chomba blanca con cuello y pu\u00f1os azules con manga corta, con escudo del Colegio bordado, cuello azul tejido con vivos rojos y blancos, medias azules.<\/p>\n<p><strong>Calzado<\/strong>: zapatos negros o azules.<\/p>\n<p><strong>INVIERNO<\/strong><br \/>\n<strong>Mujeres<\/strong>: pollera azul a cuadros y can-can de lana azul o pantal\u00f3n de vestir azul marino, chomba blanca manga larga con cuello azul con vivos rojos y blancos y escudo del Colegio bordado. En d\u00edas de mucho fr\u00edo se admite pantal\u00f3n de vestir color azul marino (no jean ni jogging).<br \/>\nAbrigos:<br \/>\nPullover de lana azul marino escote en \u201cv\u201d con vivos rojos y escudo del Colegio bordado.<br \/>\nBuzo de algod\u00f3n azul con el escudo del Colegio y campera polar azul con cuello interior rojo y con escudo del Colegio bordado.<\/p>\n<p><strong>Varones<\/strong>: pantal\u00f3n de vestir azul marino, chomba blanca manga larga con cuello azul con vivos rojos y blancos y escudo del Colegio bordado. Medias azules.<br \/>\nAbrigos:<br \/>\nPullover de lana azul marino escote en \u201cv\u201d con vivos rojos y escudo del Colegio bordado.<br \/>\nBuzo de algod\u00f3n azul con el escudo del Colegio y campera polar azul con cuello interior rojo y con escudo del Colegio bordado.<\/p>\n<p><strong>Calzado<\/strong>: zapatos negros o azules.<\/p>\n<p><strong>EDUCACION F\u00cdSICA<\/strong>: remera blanca con escudo del colegio estampado en el frente. Short azul marino (para mujeres y varones).<br \/>\nConjunto deportivo color azul marino con l\u00edneas rojas y escudo del colegio, para el invierno.<br \/>\nZapatillas blancas, negras o azules y medias deportivas.<\/p>\n","protected":false},"excerpt":{"rendered":"<p>Nivel Inicial y Primario VERANO Nenas: pollera a cuadros, medias azules \u00be, chomba blanca manga corta, con escudo del Colegio bordado, cuello azul tejido con vivos rojos y blancos. Varones: bermuda azul marino, chomba blanca manga corta, con escudo del Colegio bordado, cuello azul tejido con vivos rojos y blancos, medias azules. Calzado: zapatos o [&hellip;]<\/p>\n","protected":false},"author":3,"featured_media":0,"parent":325,"menu_order":0,"comment_status":"closed","ping_status":"closed","template":"","meta":[],"_links":{"self":[{"href":"https:\/\/colegiosanjosebv.edu.ar\/wp\/wp-json\/wp\/v2\/pages\/3744"}],"collection":[{"href":"https:\/\/colegiosanjosebv.edu.ar\/wp\/wp-json\/wp\/v2\/pages"}],"about":[{"href":"https:\/\/colegiosanjosebv.edu.ar\/wp\/wp-json\/wp\/v2\/types\/page"}],"author":[{"embeddable":true,"href":"https:\/\/colegiosanjosebv.edu.ar\/wp\/wp-json\/wp\/v2\/users\/3"}],"replies":[{"embeddable":true,"href":"https:\/\/colegiosanjosebv.edu.ar\/wp\/wp-json\/wp\/v2\/comments?post=3744"}],"version-history":[{"count":1,"href":"https:\/\/colegiosanjosebv.edu.ar\/wp\/wp-json\/wp\/v2\/pages\/3744\/revisions"}],"predecessor-version":[{"id":8930,"href":"https:\/\/colegiosanjosebv.edu.ar\/wp\/wp-json\/wp\/v2\/pages\/3744\/revisions\/8930"}],"up":[{"embeddable":true,"href":"https:\/\/colegiosanjosebv.edu.ar\/wp\/wp-json\/wp\/v2\/pages\/325"}],"wp:attachment":[{"href":"https:\/\/colegiosanjosebv.edu.ar\/wp\/wp-json\/wp\/v2\/media?parent=3744"}],"curies":[{"name":"wp","href":"https:\/\/api.w.org\/{rel}","templated":true}]}}