{"id":325,"date":"2011-11-14T12:56:36","date_gmt":"2011-11-14T12:56:36","guid":{"rendered":"http:\/\/www.colegiosanjosebv.edu.ar\/wp\/?page_id=325"},"modified":"2018-02-06T17:49:01","modified_gmt":"2018-02-06T17:49:01","slug":"informacion-general","status":"publish","type":"page","link":"https:\/\/colegiosanjosebv.edu.ar\/wp\/institucional\/informacion-general\/","title":{"rendered":"Informaci\u00f3n General"},"content":{"rendered":"<h3><a href=\"http:\/\/www.colegiosanjosebv.edu.ar\/wp\/?page_id=3744\">Uniformes<\/a><\/h3>\n<hr \/>\n<h3><a href=\"http:\/\/www.colegiosanjosebv.edu.ar\/wp\/?page_id=2790\">Documentaci\u00f3n para el inicio del Ciclo Lectivo<\/a><\/h3>\n<hr \/>\n<h3><a href=\"http:\/\/www.colegiosanjosebv.edu.ar\/wp\/?page_id=1355\">Ficha M\u00e9dica Institucional<\/a><\/h3>\n<hr \/>\n<h3><a href=\"http:\/\/www.colegiosanjosebv.edu.ar\/wp\/?page_id=2924\">Nivel Inicial: Planilla de autorizaci\u00f3n para retiro de alumnos<\/a><\/h3>\n<h3><\/h3>\n","protected":false},"excerpt":{"rendered":"<p>Uniformes Documentaci\u00f3n para el inicio del Ciclo Lectivo Ficha M\u00e9dica Institucional Nivel Inicial: Planilla de autorizaci\u00f3n para retiro de alumnos<\/p>\n","protected":false},"author":3,"featured_media":0,"parent":247,"menu_order":14,"comment_status":"closed","ping_status":"closed","template":"","meta":[],"_links":{"self":[{"href":"https:\/\/colegiosanjosebv.edu.ar\/wp\/wp-json\/wp\/v2\/pages\/325"}],"collection":[{"href":"https:\/\/colegiosanjosebv.edu.ar\/wp\/wp-json\/wp\/v2\/pages"}],"about":[{"href":"https:\/\/colegiosanjosebv.edu.ar\/wp\/wp-json\/wp\/v2\/types\/page"}],"author":[{"embeddable":true,"href":"https:\/\/colegiosanjosebv.edu.ar\/wp\/wp-json\/wp\/v2\/users\/3"}],"replies":[{"embeddable":true,"href":"https:\/\/colegiosanjosebv.edu.ar\/wp\/wp-json\/wp\/v2\/comments?post=325"}],"version-history":[{"count":2,"href":"https:\/\/colegiosanjosebv.edu.ar\/wp\/wp-json\/wp\/v2\/pages\/325\/revisions"}],"predecessor-version":[{"id":8928,"href":"https:\/\/colegiosanjosebv.edu.ar\/wp\/wp-json\/wp\/v2\/pages\/325\/revisions\/8928"}],"up":[{"embeddable":true,"href":"https:\/\/colegiosanjosebv.edu.ar\/wp\/wp-json\/wp\/v2\/pages\/247"}],"wp:attachment":[{"href":"https:\/\/colegiosanjosebv.edu.ar\/wp\/wp-json\/wp\/v2\/media?parent=325"}],"curies":[{"name":"wp","href":"https:\/\/api.w.org\/{rel}","templated":true}]}}