{"id":1355,"date":"2012-02-23T11:37:59","date_gmt":"2012-02-23T11:37:59","guid":{"rendered":"http:\/\/www.colegiosanjosebv.edu.ar\/wp\/?page_id=1355"},"modified":"2018-02-06T17:54:05","modified_gmt":"2018-02-06T17:54:05","slug":"ficha-medica-institucional","status":"publish","type":"page","link":"https:\/\/colegiosanjosebv.edu.ar\/wp\/institucional\/informacion-general\/ficha-medica-institucional\/","title":{"rendered":"Ficha M\u00e9dica Institucional"},"content":{"rendered":"<p><a href=\"http:\/\/www.colegiosanjosebv.edu.ar\/wp\/wp-content\/uploads\/ficha-medica-planilla-c.u.s.-2014.pdf\" target=\"_blank\" rel=\"noopener\">Ficha M\u00e9dica Institucional (para todos los Niveles)<\/a><\/p>\n<p>NOTA: la planilla consta de dos caras en papel tama\u00f1o oficio. De no visualizar este contenido pruebe abrir la p\u00e1gina con otro navegador, o bien, solicite la Ficha en Mesa de Entrada.<\/p>\n","protected":false},"excerpt":{"rendered":"<p>Ficha M\u00e9dica Institucional (para todos los Niveles) NOTA: la planilla consta de dos caras en papel tama\u00f1o oficio. De no visualizar este contenido pruebe abrir la p\u00e1gina con otro navegador, o bien, solicite la Ficha en Mesa de Entrada.<\/p>\n","protected":false},"author":3,"featured_media":0,"parent":325,"menu_order":141,"comment_status":"closed","ping_status":"closed","template":"","meta":[],"_links":{"self":[{"href":"https:\/\/colegiosanjosebv.edu.ar\/wp\/wp-json\/wp\/v2\/pages\/1355"}],"collection":[{"href":"https:\/\/colegiosanjosebv.edu.ar\/wp\/wp-json\/wp\/v2\/pages"}],"about":[{"href":"https:\/\/colegiosanjosebv.edu.ar\/wp\/wp-json\/wp\/v2\/types\/page"}],"author":[{"embeddable":true,"href":"https:\/\/colegiosanjosebv.edu.ar\/wp\/wp-json\/wp\/v2\/users\/3"}],"replies":[{"embeddable":true,"href":"https:\/\/colegiosanjosebv.edu.ar\/wp\/wp-json\/wp\/v2\/comments?post=1355"}],"version-history":[{"count":2,"href":"https:\/\/colegiosanjosebv.edu.ar\/wp\/wp-json\/wp\/v2\/pages\/1355\/revisions"}],"predecessor-version":[{"id":8932,"href":"https:\/\/colegiosanjosebv.edu.ar\/wp\/wp-json\/wp\/v2\/pages\/1355\/revisions\/8932"}],"up":[{"embeddable":true,"href":"https:\/\/colegiosanjosebv.edu.ar\/wp\/wp-json\/wp\/v2\/pages\/325"}],"wp:attachment":[{"href":"https:\/\/colegiosanjosebv.edu.ar\/wp\/wp-json\/wp\/v2\/media?parent=1355"}],"curies":[{"name":"wp","href":"https:\/\/api.w.org\/{rel}","templated":true}]}}